{"id":940,"date":"2025-03-17T15:20:33","date_gmt":"2025-03-17T15:20:33","guid":{"rendered":"https:\/\/awesome-agnesi.217-154-6-15.plesk.page\/?page_id=940"},"modified":"2025-04-30T09:17:15","modified_gmt":"2025-04-30T09:17:15","slug":"mentions-legales","status":"publish","type":"page","link":"https:\/\/boucherie-millour.fr\/index.php\/mentions-legales\/","title":{"rendered":"Mentions l\u00e9gales"},"content":{"rendered":"\t\t<div data-elementor-type=\"wp-page\" data-elementor-id=\"940\" class=\"elementor elementor-940\">\n\t\t\t\t<div class=\"elementor-element elementor-element-259bab71 e-flex e-con-boxed e-con e-parent\" data-id=\"259bab71\" data-element_type=\"container\">\n\t\t\t\t\t<div class=\"e-con-inner\">\n\t\t\t\t<div class=\"elementor-element elementor-element-481f4543 elementor-widget elementor-widget-heading\" data-id=\"481f4543\" data-element_type=\"widget\" data-widget_type=\"heading.default\">\n\t\t\t\t<div class=\"elementor-widget-container\">\n\t\t\t\t\t<h2 class=\"elementor-heading-title elementor-size-default\">Mentions l\u00e9gales<\/h2>\t\t\t\t<\/div>\n\t\t\t\t<\/div>\n\t\t<div class=\"elementor-element elementor-element-28d338a6 e-con-full e-flex e-con e-child\" data-id=\"28d338a6\" data-element_type=\"container\">\n\t\t\t\t<div class=\"elementor-element elementor-element-2748953 elementor-widget elementor-widget-heading\" data-id=\"2748953\" data-element_type=\"widget\" data-widget_type=\"heading.default\">\n\t\t\t\t<div class=\"elementor-widget-container\">\n\t\t\t\t\t<h6 class=\"elementor-heading-title elementor-size-default\">Editeur<\/h6>\t\t\t\t<\/div>\n\t\t\t\t<\/div>\n\t\t\t\t<div class=\"elementor-element elementor-element-f731100 elementor-widget elementor-widget-text-editor\" data-id=\"f731100\" data-element_type=\"widget\" data-widget_type=\"text-editor.default\">\n\t\t\t\t<div class=\"elementor-widget-container\">\n\t\t\t\t\t\t\t\t\t<p><span data-contrast=\"auto\">Le site millour.fr est \u00e9dit\u00e9 par La Charcuterie Gourmande, dont le si\u00e8ge social est\u00a0 11 rue de Cornouaille, B\u00e9nodet<\/span><\/p><p><span data-contrast=\"auto\">T\u00e9l\u00e9phone: 02 98 57 01 02<\/span> <br \/><span data-contrast=\"auto\">SIREN : <\/span>422373993<br \/><span data-contrast=\"auto\">Courriel:\u202fContactez-nous (lien vers la page contact du site)<\/span><\/p>\t\t\t\t\t\t\t\t<\/div>\n\t\t\t\t<\/div>\n\t\t\t\t<\/div>\n\t\t<div class=\"elementor-element elementor-element-6c8a9c25 e-con-full e-flex e-con e-child\" data-id=\"6c8a9c25\" data-element_type=\"container\">\n\t\t\t\t<div class=\"elementor-element elementor-element-16f940d6 elementor-widget elementor-widget-heading\" data-id=\"16f940d6\" data-element_type=\"widget\" data-widget_type=\"heading.default\">\n\t\t\t\t<div class=\"elementor-widget-container\">\n\t\t\t\t\t<h6 class=\"elementor-heading-title elementor-size-default\">H\u00e9bergeur <\/h6>\t\t\t\t<\/div>\n\t\t\t\t<\/div>\n\t\t\t\t<div class=\"elementor-element elementor-element-4cc53dbb elementor-widget elementor-widget-text-editor\" data-id=\"4cc53dbb\" data-element_type=\"widget\" data-widget_type=\"text-editor.default\">\n\t\t\t\t<div class=\"elementor-widget-container\">\n\t\t\t\t\t\t\t\t\t<p><span class=\"NormalTextRun SCXW11025796 BCX4\">Le site\u202f<\/span><span class=\"NormalTextRun SCXW11025796 BCX4\">boucherie-millour.fr <\/span><span class=\"NormalTextRun SCXW11025796 BCX4\">\u202fest h\u00e9berg\u00e9 par la soci\u00e9t\u00e9 Ionos<\/span><span class=\"NormalTextRun ContextualSpellingAndGrammarErrorV2Themed GrammarErrorHighlight SCXW11025796 BCX4\"> ,<\/span><span class=\"NormalTextRun SCXW11025796 BCX4\"> dont le si\u00e8ge social est <span id=\"Edj-f\">7, place de la Gare \u2013 57200 Sarreguemines Cedex<\/span><\/span><\/p>\t\t\t\t\t\t\t\t<\/div>\n\t\t\t\t<\/div>\n\t\t\t\t<\/div>\n\t\t<div class=\"elementor-element elementor-element-36c768b3 e-con-full e-flex e-con e-child\" data-id=\"36c768b3\" data-element_type=\"container\">\n\t\t\t\t<div class=\"elementor-element elementor-element-55265022 elementor-widget elementor-widget-heading\" data-id=\"55265022\" data-element_type=\"widget\" data-widget_type=\"heading.default\">\n\t\t\t\t<div class=\"elementor-widget-container\">\n\t\t\t\t\t<h6 class=\"elementor-heading-title elementor-size-default\">Propri\u00e9t\u00e9 intellectuelle <\/h6>\t\t\t\t<\/div>\n\t\t\t\t<\/div>\n\t\t\t\t<div class=\"elementor-element elementor-element-7055ebc7 elementor-widget elementor-widget-text-editor\" data-id=\"7055ebc7\" data-element_type=\"widget\" data-widget_type=\"text-editor.default\">\n\t\t\t\t<div class=\"elementor-widget-container\">\n\t\t\t\t\t\t\t\t\t<p><span class=\"TextRun SCXW114454012 BCX4\" lang=\"FR-FR\" xml:lang=\"FR-FR\" data-contrast=\"auto\"><span class=\"NormalTextRun SCXW114454012 BCX4\">La structure g\u00e9n\u00e9rale du site\u202f<\/span><span class=\"NormalTextRun ContextualSpellingAndGrammarErrorV2Themed SCXW114454012 BCX4\">boucherie-millour.fr<\/span><span class=\"NormalTextRun ContextualSpellingAndGrammarErrorV2Themed SCXW114454012 BCX4\">,<\/span><span class=\"NormalTextRun SCXW114454012 BCX4\"> ainsi que les textes, graphiques, images, sons et vid\u00e9os la composant, sont la propri\u00e9t\u00e9 de la soci\u00e9t\u00e9 <\/span><span class=\"NormalTextRun SCXW114454012 BCX4\">SARL CAMIDIS<\/span><span class=\"NormalTextRun SCXW114454012 BCX4\"> ou de ses partenaires (Tebeo &#8211; Viamedia). Toute repr\u00e9sentation et\/ou reproduction et\/ou exploitation partielle ou totale de ce site, par quelque proc\u00e9d\u00e9 que ce soit, sans l\u2019autorisation pr\u00e9alable et par \u00e9crit de la soci\u00e9t\u00e9 <\/span><span class=\"NormalTextRun SCXW114454012 BCX4\">SARL CAMIDIS<\/span><span class=\"NormalTextRun SCXW114454012 BCX4\"> ou de ses partenaires est strictement interdite et serait susceptible de constituer une contrefa\u00e7on au sens des articles L 335-2 et suivants du Code de la propri\u00e9t\u00e9 intellectuelle.<\/span><\/span><span class=\"EOP SCXW114454012 BCX4\" data-ccp-props=\"{}\">\u00a0<\/span><\/p>\t\t\t\t\t\t\t\t<\/div>\n\t\t\t\t<\/div>\n\t\t\t\t<\/div>\n\t\t<div class=\"elementor-element elementor-element-620f5e9 e-con-full e-flex e-con e-child\" data-id=\"620f5e9\" data-element_type=\"container\">\n\t\t\t\t<div class=\"elementor-element elementor-element-830a4cf elementor-widget elementor-widget-heading\" data-id=\"830a4cf\" data-element_type=\"widget\" data-widget_type=\"heading.default\">\n\t\t\t\t<div class=\"elementor-widget-container\">\n\t\t\t\t\t<h6 class=\"elementor-heading-title elementor-size-default\">Service de m\u00e9diation<\/h6>\t\t\t\t<\/div>\n\t\t\t\t<\/div>\n\t\t\t\t<div class=\"elementor-element elementor-element-dcce119 elementor-widget elementor-widget-text-editor\" data-id=\"dcce119\" data-element_type=\"widget\" data-widget_type=\"text-editor.default\">\n\t\t\t\t<div class=\"elementor-widget-container\">\n\t\t\t\t\t\t\t\t\t<p>Afin de faciliter le dialogue entre consommateurs et entreprises, la CGAD et la CNCT ont adh\u00e9r\u00e9 \u00e0 M\u00e9dicys comme m\u00e9diateur de la consommation. Ainsi, vous b\u00e9n\u00e9ficiez d\u2019un service de m\u00e9diation (gratuit pour les consommateurs) d\u00e8s lors qu\u2019un litige n\u2019a pas pu \u00eatre r\u00e9gl\u00e9 dans le cadre d\u2019une r\u00e9clamation pr\u00e9alable directement introduite aupr\u00e8s de nos services. D\u2019apr\u00e8s les articles L. 616-1 et R. 616-1 du Code de la Consommation, vous trouverez les coordonn\u00e9es du ou des m\u00e9diateurs comp\u00e9tents ci-dessous :<\/p><p><strong>M\u00c9DICYS<\/strong><br \/>Voie postale : Centre de m\u00e9diation et r\u00e8glement amiable des huissiers du justice<br \/>73 Boulevard de Clichy<br \/>75009 PARIS<br \/>Voie \u00e9lectronique : <a href=\"https:\/\/www.medicys.fr\/\">https:\/\/www.medicys.fr\/<\/a><br \/>Plateforme de r\u00e8glement en ligne des litiges : https:\/\/webgate.ec.europa.eu\/odr\/main\/index.cfm?event=main.home.show&amp;lng=FR<\/p>\t\t\t\t\t\t\t\t<\/div>\n\t\t\t\t<\/div>\n\t\t\t\t<\/div>\n\t\t<div class=\"elementor-element elementor-element-677d9519 e-con-full e-flex e-con e-child\" data-id=\"677d9519\" data-element_type=\"container\">\n\t\t\t\t<div class=\"elementor-element elementor-element-593773af elementor-widget elementor-widget-heading\" data-id=\"593773af\" data-element_type=\"widget\" data-widget_type=\"heading.default\">\n\t\t\t\t<div class=\"elementor-widget-container\">\n\t\t\t\t\t<h6 class=\"elementor-heading-title elementor-size-default\">Loi informatique et libert\u00e9 <\/h6>\t\t\t\t<\/div>\n\t\t\t\t<\/div>\n\t\t\t\t<div class=\"elementor-element elementor-element-4afc5eb1 elementor-widget elementor-widget-text-editor\" data-id=\"4afc5eb1\" data-element_type=\"widget\" data-widget_type=\"text-editor.default\">\n\t\t\t\t<div class=\"elementor-widget-container\">\n\t\t\t\t\t\t\t\t\t<p><span data-contrast=\"auto\">Conform\u00e9ment \u00e0 la loi Informatique et Libert\u00e9 78-17 du 6 janvier 1978 modifi\u00e9e, vous disposez d\u2019un droit d\u2019opposition (art. 38), d\u2019acc\u00e8s (art. 39), de rectification ou de suppression (art. 40) des donn\u00e9es qui vous concernent. Vous pouvez exercer ce droit en vous adressant \u00e0 soci\u00e9t\u00e9 SARL CAMIDIS BOUCHERIE MILLOUR.<\/span>\u00a0<br \/><span data-contrast=\"auto\">Ce droit s\u2019exerce, en justifiant de son identit\u00e9 :<\/span>\u00a0<br \/><span data-contrast=\"auto\">par voie postale : soci\u00e9t\u00e9 SARL CAMIDIS, est\u00a0 97 avenue de la France 29000 QUIMPER<\/span> <br \/><span data-contrast=\"auto\">par courrier \u00e9lectronique : Contactez-nous <\/span>stephanemillour@orange.fr<br \/><span data-contrast=\"auto\">Toutes les donn\u00e9es personnelles qui sont recueillies sont trait\u00e9es avec la plus stricte confidentialit\u00e9. En particulier, la soci\u00e9t\u00e9 SARL CAMIDIS s\u2019engage \u00e0 respecter la confidentialit\u00e9 des messages courriels transmis au moyen d\u2019une messagerie \u00e9lectronique.<\/span><span data-ccp-props=\"{}\">\u00a0<\/span><\/p><p><span data-contrast=\"auto\">Pour plus d\u2019informations en mati\u00e8re de protection des donn\u00e9es \u00e0 caract\u00e8re personnel, se reporter \u00e0 :<\/span> <br \/><span data-contrast=\"auto\">\u2013 La d\u00e9claration de confidentialit\u00e9<\/span><span data-ccp-props=\"{}\">\u00a0<\/span><\/p>\t\t\t\t\t\t\t\t<\/div>\n\t\t\t\t<\/div>\n\t\t\t\t<\/div>\n\t\t\t\t\t<\/div>\n\t\t\t\t<\/div>\n\t\t\t\t<\/div>\n\t\t","protected":false},"excerpt":{"rendered":"<p>Mentions l\u00e9gales Editeur Le site millour.fr est \u00e9dit\u00e9 par La Charcuterie Gourmande, dont le si\u00e8ge social est\u00a0 11 rue de Cornouaille, B\u00e9nodet T\u00e9l\u00e9phone: 02 98 57 01 02 SIREN : 422373993Courriel:\u202fContactez-nous (lien vers la page contact du site) H\u00e9bergeur Le site\u202fboucherie-millour.fr \u202fest h\u00e9berg\u00e9 par la soci\u00e9t\u00e9 Ionos , dont le si\u00e8ge social est 7, place [&hellip;]<\/p>\n","protected":false},"author":1,"featured_media":0,"parent":0,"menu_order":0,"comment_status":"closed","ping_status":"closed","template":"","meta":{"footnotes":""},"class_list":["post-940","page","type-page","status-publish","hentry"],"_links":{"self":[{"href":"https:\/\/boucherie-millour.fr\/index.php\/wp-json\/wp\/v2\/pages\/940","targetHints":{"allow":["GET"]}}],"collection":[{"href":"https:\/\/boucherie-millour.fr\/index.php\/wp-json\/wp\/v2\/pages"}],"about":[{"href":"https:\/\/boucherie-millour.fr\/index.php\/wp-json\/wp\/v2\/types\/page"}],"author":[{"embeddable":true,"href":"https:\/\/boucherie-millour.fr\/index.php\/wp-json\/wp\/v2\/users\/1"}],"replies":[{"embeddable":true,"href":"https:\/\/boucherie-millour.fr\/index.php\/wp-json\/wp\/v2\/comments?post=940"}],"version-history":[{"count":16,"href":"https:\/\/boucherie-millour.fr\/index.php\/wp-json\/wp\/v2\/pages\/940\/revisions"}],"predecessor-version":[{"id":1610,"href":"https:\/\/boucherie-millour.fr\/index.php\/wp-json\/wp\/v2\/pages\/940\/revisions\/1610"}],"wp:attachment":[{"href":"https:\/\/boucherie-millour.fr\/index.php\/wp-json\/wp\/v2\/media?parent=940"}],"curies":[{"name":"wp","href":"https:\/\/api.w.org\/{rel}","templated":true}]}}