{"id":128,"date":"2025-02-13T13:05:29","date_gmt":"2025-02-13T13:05:29","guid":{"rendered":"https:\/\/awesome-agnesi.217-154-6-15.plesk.page\/?page_id=128"},"modified":"2026-01-05T15:48:11","modified_gmt":"2026-01-05T15:48:11","slug":"elementor-page-128","status":"publish","type":"page","link":"https:\/\/boucherie-millour.fr\/","title":{"rendered":"ACCUEIL"},"content":{"rendered":"\t\t<div data-elementor-type=\"wp-page\" data-elementor-id=\"128\" class=\"elementor elementor-128\">\n\t\t\t\t<div class=\"elementor-element elementor-element-514b976 e-con-full e-flex e-con e-parent\" data-id=\"514b976\" data-element_type=\"container\">\n\t\t\t\t<div class=\"elementor-element elementor-element-f69b089 elementor-widget elementor-widget-video\" data-id=\"f69b089\" data-element_type=\"widget\" data-settings=\"{&quot;autoplay&quot;:&quot;yes&quot;,&quot;video_type&quot;:&quot;hosted&quot;,&quot;play_on_mobile&quot;:&quot;yes&quot;,&quot;mute&quot;:&quot;yes&quot;,&quot;loop&quot;:&quot;yes&quot;}\" data-widget_type=\"video.default\">\n\t\t\t\t<div class=\"elementor-widget-container\">\n\t\t\t\t\t\t\t<div class=\"e-hosted-video elementor-wrapper elementor-open-inline\">\n\t\t\t\t\t<video class=\"elementor-video\" src=\"https:\/\/boucherie-millour.fr\/Millour-Video.mp4\" autoplay=\"\" loop=\"\" muted=\"muted\" playsinline=\"\" controlsList=\"nodownload\"><\/video>\n\t\t\t\t<\/div>\n\t\t\t\t\t\t<\/div>\n\t\t\t\t<\/div>\n\t\t<div class=\"elementor-element elementor-element-38247a3 e-flex e-con-boxed e-con e-child\" data-id=\"38247a3\" data-element_type=\"container\">\n\t\t\t\t\t<div class=\"e-con-inner\">\n\t\t<div class=\"elementor-element elementor-element-5deb1aa e-con-full e-flex e-con e-child\" data-id=\"5deb1aa\" data-element_type=\"container\" data-settings=\"{&quot;background_background&quot;:&quot;classic&quot;}\">\n\t\t<div class=\"elementor-element elementor-element-be1a5f7 e-con-full e-flex e-con e-child\" data-id=\"be1a5f7\" data-element_type=\"container\" data-settings=\"{&quot;background_background&quot;:&quot;classic&quot;}\">\n\t\t\t\t<div class=\"elementor-element elementor-element-39b8131 elementor-widget elementor-widget-heading\" data-id=\"39b8131\" data-element_type=\"widget\" data-widget_type=\"heading.default\">\n\t\t\t\t<div class=\"elementor-widget-container\">\n\t\t\t\t\t<h2 class=\"elementor-heading-title elementor-size-default\">Bienvenue dans l\u2019univers de la Boucherie Millour.\nPassionn\u00e9s par notre m\u00e9tier, nous avons \u00e0 coeur de vous offrir authenticit\u00e9 et qualit\u00e9, jusqu\u2019\u00e0 la d\u00e9gustation. <\/h2>\t\t\t\t<\/div>\n\t\t\t\t<\/div>\n\t\t\t\t<div class=\"elementor-element elementor-element-3b3d3f3 elementor-widget elementor-widget-text-editor\" data-id=\"3b3d3f3\" data-element_type=\"widget\" data-widget_type=\"text-editor.default\">\n\t\t\t\t<div class=\"elementor-widget-container\">\n\t\t\t\t\t\t\t\t\t<p>Cathy &amp; St\u00e9phane<span class=\"Apple-converted-space\">\u00a0<\/span><\/p>\t\t\t\t\t\t\t\t<\/div>\n\t\t\t\t<\/div>\n\t\t\t\t<\/div>\n\t\t\t\t<\/div>\n\t\t\t\t\t<\/div>\n\t\t\t\t<\/div>\n\t\t\t\t<\/div>\n\t\t<div class=\"elementor-element elementor-element-df67fa0 e-flex e-con-boxed e-con e-parent\" data-id=\"df67fa0\" data-element_type=\"container\">\n\t\t\t\t\t<div class=\"e-con-inner\">\n\t\t<div class=\"elementor-element elementor-element-4d8d4f2 e-con-full e-flex e-con e-child\" data-id=\"4d8d4f2\" data-element_type=\"container\">\n\t\t<div class=\"elementor-element elementor-element-552c1ed e-con-full e-flex e-con e-child\" data-id=\"552c1ed\" data-element_type=\"container\">\n\t\t\t\t<div class=\"elementor-element elementor-element-dcabfbe elementor-widget elementor-widget-text-editor\" data-id=\"dcabfbe\" data-element_type=\"widget\" data-widget_type=\"text-editor.default\">\n\t\t\t\t<div class=\"elementor-widget-container\">\n\t\t\t\t\t\t\t\t\t<p data-start=\"152\" data-end=\"437\">Chez <strong data-start=\"157\" data-end=\"178\">Boucherie Millour<\/strong>, \u00e0 Quimper, nous mettons tout notre savoir-faire et notre passion au service de la bonne viande. Gr\u00e2ce \u00e0 l\u2019expertise de <strong data-start=\"299\" data-end=\"319\">St\u00e9phane Millour<\/strong>, <strong data-start=\"321\" data-end=\"351\">Meilleur Ouvrier de France<\/strong>, nous s\u00e9lectionnons avec soin des produits de qualit\u00e9 pour vous offrir le meilleur.<\/p><p data-start=\"439\" data-end=\"706\">Chaque jour, nous travaillons avec exigence pour vous proposer des viandes savoureuses, une d\u00e9coupe pr\u00e9cise et des conseils personnalis\u00e9s. Que ce soit pour un repas du quotidien ou une occasion sp\u00e9ciale, nous sommes l\u00e0 pour vous accompagner et r\u00e9galer vos papilles.<\/p>\t\t\t\t\t\t\t\t<\/div>\n\t\t\t\t<\/div>\n\t\t\t\t<\/div>\n\t\t\t\t<\/div>\n\t\t\t\t<div class=\"elementor-element elementor-element-379cf3c elementor-widget elementor-widget-image\" data-id=\"379cf3c\" data-element_type=\"widget\" data-widget_type=\"image.default\">\n\t\t\t\t<div class=\"elementor-widget-container\">\n\t\t\t\t\t\t\t\t\t\t\t\t\t\t\t<img fetchpriority=\"high\" decoding=\"async\" width=\"1599\" height=\"1186\" src=\"https:\/\/boucherie-millour.fr\/wp-content\/uploads\/2025\/04\/6410716504993452177-2.jpg\" class=\"attachment-full size-full wp-image-1310\" alt=\"\" srcset=\"https:\/\/boucherie-millour.fr\/wp-content\/uploads\/2025\/04\/6410716504993452177-2.jpg 1599w, https:\/\/boucherie-millour.fr\/wp-content\/uploads\/2025\/04\/6410716504993452177-2-300x223.jpg 300w, https:\/\/boucherie-millour.fr\/wp-content\/uploads\/2025\/04\/6410716504993452177-2-1024x760.jpg 1024w, https:\/\/boucherie-millour.fr\/wp-content\/uploads\/2025\/04\/6410716504993452177-2-768x570.jpg 768w, https:\/\/boucherie-millour.fr\/wp-content\/uploads\/2025\/04\/6410716504993452177-2-1536x1139.jpg 1536w\" sizes=\"(max-width: 1599px) 100vw, 1599px\" \/>\t\t\t\t\t\t\t\t\t\t\t\t\t\t\t<\/div>\n\t\t\t\t<\/div>\n\t\t\t\t\t<\/div>\n\t\t\t\t<\/div>\n\t\t<div class=\"elementor-element elementor-element-68e17be e-con-full e-flex e-con e-parent\" data-id=\"68e17be\" data-element_type=\"container\" data-settings=\"{&quot;background_background&quot;:&quot;classic&quot;}\">\n\t\t\t\t<\/div>\n\t\t<div class=\"elementor-element elementor-element-81d174a e-flex e-con-boxed e-con e-parent\" data-id=\"81d174a\" data-element_type=\"container\">\n\t\t\t\t\t<div class=\"e-con-inner\">\n\t\t\t\t<div class=\"elementor-element elementor-element-54e971b elementor-widget__width-inherit elementor-widget elementor-widget-image\" data-id=\"54e971b\" data-element_type=\"widget\" data-widget_type=\"image.default\">\n\t\t\t\t<div class=\"elementor-widget-container\">\n\t\t\t\t\t\t\t\t\t\t\t\t\t\t\t<img decoding=\"async\" width=\"800\" height=\"724\" src=\"https:\/\/boucherie-millour.fr\/wp-content\/uploads\/2025\/04\/8632741396188794320-2-1024x927.jpg\" class=\"attachment-large size-large wp-image-1588\" alt=\"\" srcset=\"https:\/\/boucherie-millour.fr\/wp-content\/uploads\/2025\/04\/8632741396188794320-2-1024x927.jpg 1024w, https:\/\/boucherie-millour.fr\/wp-content\/uploads\/2025\/04\/8632741396188794320-2-300x272.jpg 300w, https:\/\/boucherie-millour.fr\/wp-content\/uploads\/2025\/04\/8632741396188794320-2-768x695.jpg 768w, https:\/\/boucherie-millour.fr\/wp-content\/uploads\/2025\/04\/8632741396188794320-2.jpg 1200w\" sizes=\"(max-width: 800px) 100vw, 800px\" \/>\t\t\t\t\t\t\t\t\t\t\t\t\t\t\t<\/div>\n\t\t\t\t<\/div>\n\t\t<div class=\"elementor-element elementor-element-f4a5490 e-con-full e-flex e-con e-child\" data-id=\"f4a5490\" data-element_type=\"container\">\n\t\t<div class=\"elementor-element elementor-element-0758b09 e-con-full e-flex e-con e-child\" data-id=\"0758b09\" data-element_type=\"container\">\n\t\t\t\t<div class=\"elementor-element elementor-element-7bb8102 elementor-widget elementor-widget-heading\" data-id=\"7bb8102\" data-element_type=\"widget\" data-widget_type=\"heading.default\">\n\t\t\t\t<div class=\"elementor-widget-container\">\n\t\t\t\t\t<h2 class=\"elementor-heading-title elementor-size-default\">BRASERO<\/h2>\t\t\t\t<\/div>\n\t\t\t\t<\/div>\n\t\t\t\t<div class=\"elementor-element elementor-element-8e3b91b elementor-widget elementor-widget-text-editor\" data-id=\"8e3b91b\" data-element_type=\"widget\" data-widget_type=\"text-editor.default\">\n\t\t\t\t<div class=\"elementor-widget-container\">\n\t\t\t\t\t\t\t\t\t<p data-start=\"152\" data-end=\"437\">Au sein de notre boutique, situ\u00e9e \u00e0 Quimper, nous mettons tout notre savoir-faire et notre passion au service de la bonne viande. Gr\u00e2ce \u00e0 l\u2019expertise de <strong data-start=\"299\" data-end=\"319\">St\u00e9phane Millour<\/strong>, <strong data-start=\"321\" data-end=\"351\">Meilleur Ouvrier de France<\/strong>, nous s\u00e9lectionnons avec soin des produits de qualit\u00e9 pour vous offrir le meilleur.<\/p><p data-start=\"439\" data-end=\"706\">Chaque jour, nous travaillons avec exigence pour vous proposer des viandes savoureuses, <strong>une d\u00e9coupe pr\u00e9cise et des conseils personnalis\u00e9s.<\/strong> Que ce soit pour un repas du quotidien ou une occasion sp\u00e9ciale, nous sommes l\u00e0 pour vous accompagner et r\u00e9galer vos papilles.<\/p>\t\t\t\t\t\t\t\t<\/div>\n\t\t\t\t<\/div>\n\t\t\t\t<\/div>\n\t\t\t\t<\/div>\n\t\t\t\t\t<\/div>\n\t\t\t\t<\/div>\n\t\t<div class=\"elementor-element elementor-element-6baa54e e-flex e-con-boxed e-con e-parent\" data-id=\"6baa54e\" data-element_type=\"container\">\n\t\t\t\t\t<div class=\"e-con-inner\">\n\t\t<div class=\"elementor-element elementor-element-b56afe8 e-con-full e-flex e-con e-child\" data-id=\"b56afe8\" data-element_type=\"container\">\n\t\t<div class=\"elementor-element elementor-element-bae67bf e-con-full e-flex e-con e-child\" data-id=\"bae67bf\" data-element_type=\"container\" data-settings=\"{&quot;background_background&quot;:&quot;classic&quot;}\">\n\t\t\t\t<div class=\"elementor-element elementor-element-b2fb882 elementor-widget elementor-widget-image\" data-id=\"b2fb882\" data-element_type=\"widget\" data-widget_type=\"image.default\">\n\t\t\t\t<div class=\"elementor-widget-container\">\n\t\t\t\t\t\t\t\t\t\t\t\t\t\t\t\t<a href=\"https:\/\/awesome-agnesi.217-154-6-15.plesk.page\/index.php\/elementor-62\/\">\n\t\t\t\t\t\t\t<img decoding=\"async\" width=\"260\" height=\"194\" src=\"https:\/\/boucherie-millour.fr\/wp-content\/uploads\/2025\/03\/images-3.jpeg\" class=\"attachment-large size-large wp-image-902\" alt=\"\" \/>\t\t\t\t\t\t\t\t<\/a>\n\t\t\t\t\t\t\t\t\t\t\t\t\t\t\t<\/div>\n\t\t\t\t<\/div>\n\t\t\t\t<div class=\"elementor-element elementor-element-d193b9c elementor-absolute elementor-widget elementor-widget-heading\" data-id=\"d193b9c\" data-element_type=\"widget\" data-settings=\"{&quot;_position&quot;:&quot;absolute&quot;}\" data-widget_type=\"heading.default\">\n\t\t\t\t<div class=\"elementor-widget-container\">\n\t\t\t\t\t<h4 class=\"elementor-heading-title elementor-size-default\">CHARCUTERIE<\/h4>\t\t\t\t<\/div>\n\t\t\t\t<\/div>\n\t\t\t\t<\/div>\n\t\t<div class=\"elementor-element elementor-element-aa79cc0 e-con-full e-flex e-con e-child\" data-id=\"aa79cc0\" data-element_type=\"container\" data-settings=\"{&quot;background_background&quot;:&quot;classic&quot;}\">\n\t\t\t\t<div class=\"elementor-element elementor-element-19afae5 elementor-widget elementor-widget-image\" data-id=\"19afae5\" data-element_type=\"widget\" data-widget_type=\"image.default\">\n\t\t\t\t<div class=\"elementor-widget-container\">\n\t\t\t\t\t\t\t\t\t\t\t\t\t\t\t\t<a href=\"https:\/\/awesome-agnesi.217-154-6-15.plesk.page\/Carte-traiteur-2025.pdf\">\n\t\t\t\t\t\t\t<img decoding=\"async\" width=\"260\" height=\"194\" src=\"https:\/\/boucherie-millour.fr\/wp-content\/uploads\/2025\/03\/images-3.jpeg\" class=\"attachment-large size-large wp-image-902\" alt=\"\" \/>\t\t\t\t\t\t\t\t<\/a>\n\t\t\t\t\t\t\t\t\t\t\t\t\t\t\t<\/div>\n\t\t\t\t<\/div>\n\t\t\t\t<div class=\"elementor-element elementor-element-6f94d40 elementor-absolute elementor-widget elementor-widget-heading\" data-id=\"6f94d40\" data-element_type=\"widget\" data-settings=\"{&quot;_position&quot;:&quot;absolute&quot;}\" data-widget_type=\"heading.default\">\n\t\t\t\t<div class=\"elementor-widget-container\">\n\t\t\t\t\t<h4 class=\"elementor-heading-title elementor-size-default\">TRAITEUR<\/h4>\t\t\t\t<\/div>\n\t\t\t\t<\/div>\n\t\t\t\t<\/div>\n\t\t\t\t<\/div>\n\t\t<div class=\"elementor-element elementor-element-534edaa e-con-full e-flex e-con e-child\" data-id=\"534edaa\" data-element_type=\"container\" data-settings=\"{&quot;background_background&quot;:&quot;classic&quot;}\">\n\t\t\t\t<div class=\"elementor-element elementor-element-6adfbe4 elementor-widget elementor-widget-image\" data-id=\"6adfbe4\" data-element_type=\"widget\" data-widget_type=\"image.default\">\n\t\t\t\t<div class=\"elementor-widget-container\">\n\t\t\t\t\t\t\t\t\t\t\t\t\t\t\t\t<a href=\"https:\/\/awesome-agnesi.217-154-6-15.plesk.page\/index.php\/elementor-page-72\/\">\n\t\t\t\t\t\t\t<img decoding=\"async\" width=\"260\" height=\"194\" src=\"https:\/\/boucherie-millour.fr\/wp-content\/uploads\/2025\/03\/images-3.jpeg\" class=\"attachment-large size-large wp-image-902\" alt=\"\" \/>\t\t\t\t\t\t\t\t<\/a>\n\t\t\t\t\t\t\t\t\t\t\t\t\t\t\t<\/div>\n\t\t\t\t<\/div>\n\t\t\t\t<div class=\"elementor-element elementor-element-2572179 elementor-absolute elementor-widget elementor-widget-heading\" data-id=\"2572179\" data-element_type=\"widget\" data-settings=\"{&quot;_position&quot;:&quot;absolute&quot;}\" data-widget_type=\"heading.default\">\n\t\t\t\t<div class=\"elementor-widget-container\">\n\t\t\t\t\t<h4 class=\"elementor-heading-title elementor-size-default\">BOUCHERIE<\/h4>\t\t\t\t<\/div>\n\t\t\t\t<\/div>\n\t\t\t\t<\/div>\n\t\t\t\t\t<\/div>\n\t\t\t\t<\/div>\n\t\t\t\t<\/div>\n\t\t","protected":false},"excerpt":{"rendered":"<p>https:\/\/boucherie-millour.fr\/Millour-Video.mp4 Bienvenue dans l\u2019univers de la Boucherie Millour. Passionn\u00e9s par notre m\u00e9tier, nous avons \u00e0 coeur de vous offrir authenticit\u00e9 et qualit\u00e9, jusqu\u2019\u00e0 la d\u00e9gustation. Cathy &amp; St\u00e9phane\u00a0 Chez Boucherie Millour, \u00e0 Quimper, nous mettons tout notre savoir-faire et notre passion au service de la bonne viande. Gr\u00e2ce \u00e0 l\u2019expertise de St\u00e9phane Millour, Meilleur Ouvrier [&hellip;]<\/p>\n","protected":false},"author":1,"featured_media":0,"parent":0,"menu_order":0,"comment_status":"closed","ping_status":"closed","template":"","meta":{"footnotes":""},"class_list":["post-128","page","type-page","status-publish","hentry"],"_links":{"self":[{"href":"https:\/\/boucherie-millour.fr\/index.php\/wp-json\/wp\/v2\/pages\/128","targetHints":{"allow":["GET"]}}],"collection":[{"href":"https:\/\/boucherie-millour.fr\/index.php\/wp-json\/wp\/v2\/pages"}],"about":[{"href":"https:\/\/boucherie-millour.fr\/index.php\/wp-json\/wp\/v2\/types\/page"}],"author":[{"embeddable":true,"href":"https:\/\/boucherie-millour.fr\/index.php\/wp-json\/wp\/v2\/users\/1"}],"replies":[{"embeddable":true,"href":"https:\/\/boucherie-millour.fr\/index.php\/wp-json\/wp\/v2\/comments?post=128"}],"version-history":[{"count":321,"href":"https:\/\/boucherie-millour.fr\/index.php\/wp-json\/wp\/v2\/pages\/128\/revisions"}],"predecessor-version":[{"id":1687,"href":"https:\/\/boucherie-millour.fr\/index.php\/wp-json\/wp\/v2\/pages\/128\/revisions\/1687"}],"wp:attachment":[{"href":"https:\/\/boucherie-millour.fr\/index.php\/wp-json\/wp\/v2\/media?parent=128"}],"curies":[{"name":"wp","href":"https:\/\/api.w.org\/{rel}","templated":true}]}}